{"id":21,"date":"2015-03-27T01:49:07","date_gmt":"2015-03-27T01:49:07","guid":{"rendered":"http:\/\/franodriozola.com.ar\/web\/?page_id=21"},"modified":"2024-12-02T18:56:10","modified_gmt":"2024-12-02T18:56:10","slug":"perfil","status":"publish","type":"page","link":"https:\/\/franodriozola.com.ar\/web\/perfil\/","title":{"rendered":"Perfil"},"content":{"rendered":"<div class=\"pixcode  pixcode--row  row  \">\n\n<div class=\"col-12  hand-span-8 \">\n\n<p><span style=\"font-weight: 400\">La fotograf\u00eda es la forma de expresi\u00f3n que siempre me cautiv\u00f3, desde muy chico me paseaba sacando fotos, buscando mostrar lo que ve\u00eda y c\u00f3mo lo ve\u00eda.<\/span><\/p>\n<p><span style=\"font-weight: 400\">Lentamente y al pasar el tiempo me fui adentrando al mundo de la fotograf\u00eda profesional, primero desde mi lado de cliente, donde vi trabajar a grandes fot\u00f3grafos y de los cuales aprend\u00ed la dedicaci\u00f3n que se le pone a cada disparo.<\/span><\/p>\n<p><span style=\"font-weight: 400\">Luego ya como profesional, comenc\u00e9 trabajando como asistente y para no ser menos apunte a trabajar con los mejores, que con paciencia me abrieron las puertas, sin guardar secretos y con excelente predisposici\u00f3n.<\/span><\/p>\n<p><span style=\"font-weight: 400\">Sigal, Lauda, Lightowler, Laghi o Zaval\u00eda, nombres de grandes que me compartieron un poco de su visi\u00f3n y su pasi\u00f3n por este hermoso trabajo.<br \/>\n<\/span><br \/>\n<span style=\"font-weight: 400\">Agradezco a las peque\u00f1as, medianas y grandes marcas y agencias que desde el 1er d\u00eda confiaron en m\u00ed para trabajar, todos desde su lugar aportan a que yo siga aprendiendo y creciendo profesionalmente.<\/span><\/p>\n<p><a href=\"https:\/\/franodriozola.com.ar\/web\/wp-content\/uploads\/2024\/12\/whatsapp-image-2024-11-14-at-16.31.51.jpeg\"><img loading=\"lazy\" decoding=\"async\" class=\"alignnone  wp-image-1394\" src=\"https:\/\/franodriozola.com.ar\/web\/wp-content\/uploads\/2024\/12\/whatsapp-image-2024-11-14-at-16.31.51-225x300.jpeg\" alt=\"\" width=\"750\" height=\"1000\" srcset=\"https:\/\/franodriozola.com.ar\/web\/wp-content\/uploads\/2024\/12\/whatsapp-image-2024-11-14-at-16.31.51-225x300.jpeg 225w, https:\/\/franodriozola.com.ar\/web\/wp-content\/uploads\/2024\/12\/whatsapp-image-2024-11-14-at-16.31.51-768x1024.jpeg 768w, https:\/\/franodriozola.com.ar\/web\/wp-content\/uploads\/2024\/12\/whatsapp-image-2024-11-14-at-16.31.51-1152x1536.jpeg 1152w, https:\/\/franodriozola.com.ar\/web\/wp-content\/uploads\/2024\/12\/whatsapp-image-2024-11-14-at-16.31.51-800x1067.jpeg 800w, https:\/\/franodriozola.com.ar\/web\/wp-content\/uploads\/2024\/12\/whatsapp-image-2024-11-14-at-16.31.51-500x667.jpeg 500w, https:\/\/franodriozola.com.ar\/web\/wp-content\/uploads\/2024\/12\/whatsapp-image-2024-11-14-at-16.31.51.jpeg 1200w\" sizes=\"auto, (max-width: 750px) 100vw, 750px\" \/><\/a><\/p>\n\n<\/div>\n\n<div class=\"col-12  hand-span-4 \">\n\n<p>&nbsp;<\/p>\n\n<\/div>\n\n\n<\/div>\n\n","protected":false},"excerpt":{"rendered":"","protected":false},"author":3,"featured_media":0,"parent":0,"menu_order":0,"comment_status":"closed","ping_status":"open","template":"","meta":{"footnotes":""},"class_list":["post-21","page","type-page","status-publish","hentry"],"_links":{"self":[{"href":"https:\/\/franodriozola.com.ar\/web\/wp-json\/wp\/v2\/pages\/21","targetHints":{"allow":["GET"]}}],"collection":[{"href":"https:\/\/franodriozola.com.ar\/web\/wp-json\/wp\/v2\/pages"}],"about":[{"href":"https:\/\/franodriozola.com.ar\/web\/wp-json\/wp\/v2\/types\/page"}],"author":[{"embeddable":true,"href":"https:\/\/franodriozola.com.ar\/web\/wp-json\/wp\/v2\/users\/3"}],"replies":[{"embeddable":true,"href":"https:\/\/franodriozola.com.ar\/web\/wp-json\/wp\/v2\/comments?post=21"}],"version-history":[{"count":16,"href":"https:\/\/franodriozola.com.ar\/web\/wp-json\/wp\/v2\/pages\/21\/revisions"}],"predecessor-version":[{"id":1396,"href":"https:\/\/franodriozola.com.ar\/web\/wp-json\/wp\/v2\/pages\/21\/revisions\/1396"}],"wp:attachment":[{"href":"https:\/\/franodriozola.com.ar\/web\/wp-json\/wp\/v2\/media?parent=21"}],"curies":[{"name":"wp","href":"https:\/\/api.w.org\/{rel}","templated":true}]}}